{"id":3,"date":"2022-12-05T11:50:06","date_gmt":"2022-12-05T11:50:06","guid":{"rendered":"http:\/\/www.isamaia.pt\/wordpress_X\/?page_id=3"},"modified":"2023-01-13T17:01:36","modified_gmt":"2023-01-13T17:01:36","slug":"politica-de-privacidade","status":"publish","type":"page","link":"https:\/\/www.isamaia.pt\/index.php\/politica-de-privacidade\/","title":{"rendered":"POL\u00cdTICA DE PRIVACIDADE"},"content":{"rendered":"\n<h2><\/h2>\n\n\n\n<p>A Pol\u00edtica de Privacidade da Isamaia tem como objetivo dar conhecimento aos titulares dos dados pessoais, que por qualquer forma interajam com a a nossa empresa, das informa\u00e7\u00f5es mais relevantes no \u00e2mbito da prote\u00e7\u00e3o dos seus dados pessoais, incluindo os seus direitos e a forma como esses direitos poder\u00e3o ser exercidos.<\/p>\n\n\n\n<p>Em conformidade com o Regulamento Geral de Prote\u00e7\u00e3o de Dados (RGPD) &#8211; Regulamento (UE) 2016\/679, do Parlamento Europeu e do Conselho, de 27 de abril de 2016, bem como a Lei n.\u00ba 58\/2019, de 8 de agosto, relativos \u00e0 prote\u00e7\u00e3o das pessoas singulares no que diz respeito ao tratamento de dados pessoais e \u00e0 livre circula\u00e7\u00e3o desses dados, elaboramos a presente pol\u00edtica de privacidade.<\/p>\n\n\n\n<h2><strong>Fornecimento, prote\u00e7\u00e3o e retifica\u00e7\u00e3o de dados<\/strong><\/h2>\n\n\n\n<p>A Isamaia apenas recolhe dados pessoais voluntariamente fornecidos pelo cliente com o objetivo de fornecer o servi\u00e7o solicitado e n\u00e3o para qualquer outro fim. Garantimos a confidencialidade dos mesmos, n\u00e3o os cedendo a qualquer outra entidade sem pr\u00e9via autoriza\u00e7\u00e3o salvo imposi\u00e7\u00e3o legal.<\/p>\n\n\n\n<p>A Isamaia trata todos os dados pessoais de acordo com a referida legisla\u00e7\u00e3o, sendo que os seus titulares poder\u00e3o em entrar em contacto com o respons\u00e1vel pelo tratamento de dados atrav\u00e9s do mail <a href=\"mailto:rtisamaia@isamaia.pt\">rtisamaia@isamaia.pt<\/a>.<\/p>\n\n\n\n<p>A nossa pol\u00edtica de privacidade poder\u00e1 vir a ser alterada, devendo ser consultada com regularidade.<\/p>\n\n\n\n<h2><strong>Cookies<\/strong><\/h2>\n\n\n\n<p>Os cookies s\u00e3o pequenos ficheiros inform\u00e1ticos enviados para o seu computador ou dispositivo m\u00f3vel quando visita s\u00edtios na internet, ajudando os websites a armazenar e recuperar informa\u00e7\u00e3o sobre os seus h\u00e1bitos de navega\u00e7\u00e3o, com o objetivo de personalizar a sua visita de acordo com as suas prefer\u00eancias. O site Sinal Positivo utiliza cookies para melhorar a sua experi\u00eancia de navega\u00e7\u00e3o. Tenha em considera\u00e7\u00e3o que a maioria dos navegadores de internet est\u00e1 pr\u00e9-programada para aceitar cookies. Se pretender consultar o site Isamaia sem utilizar cookies, dever\u00e1 alterar a defini\u00e7\u00e3o adequada nas op\u00e7\u00f5es do seu navegador. No entanto, se configurar o seu navegador para rejeitar todas as cookies, tal poder\u00e1 limitar a utiliza\u00e7\u00e3o de algumas funcionalidades do site.<br>O site Isamaia utiliza os seguintes tipos de cookies:<\/p>\n\n\n\n<p><br><strong>COOKIES ESTRITAMENTE NECESS\u00c1RIOS<br><\/strong>S\u00e3o cookies essenciais e que permitem ao nosso site responder a qualquer a\u00e7\u00e3o que executa no site, tal como completar um formul\u00e1rio de inqu\u00e9rito. O site n\u00e3o funciona corretamente se este cookie n\u00e3o for usado.<br><\/p>\n\n\n\n<p><strong>COOKIES ANAL\u00cdTICOS<br><\/strong>S\u00e3o cookies que permitem a fun\u00e7\u00e3o do software de an\u00e1lise (analytics). Este software ajuda a analisar os nossos visitantes do site e fornecer informa\u00e7\u00f5es an\u00f3nimas, como navegadores utilizados, visitantes de retorno e de resposta \u00e0s atividades de marketing. Esta informa\u00e7\u00e3o ajuda-nos a melhorar o site e sua experi\u00eancia on-line.<br><\/p>\n\n\n\n<p><strong>COOKIES DE FUNCIONALIDADES<br><\/strong>S\u00e3o cookies que guardam as prefer\u00eancias do utilizador relativamente \u00e0 utiliza\u00e7\u00e3o do site, de forma que n\u00e3o seja necess\u00e1rio voltar a configurar o site cada vez que o visita.<br><\/p>\n\n\n\n<p><strong>COOKIES PERMANENTES<br><\/strong>S\u00e3o cookies que ficam armazenados nos dispositivos de acesso (computador, telem\u00f3vel, smartphone ou tablet), ao n\u00edvel do navegador de internet (browser), e s\u00e3o usados sempre que o utilizador visita novamente o site. Em geral, s\u00e3o usados para direcionar a navega\u00e7\u00e3o de acordo com os interesses do utilizador, permitindo prestar um servi\u00e7o mais personalizado.<br><\/p>\n\n\n\n<p><strong>DESABILITAR COOKIES<\/strong><\/p>\n","protected":false},"excerpt":{"rendered":"<p>A Pol\u00edtica de Privacidade da Isamaia tem como objetivo dar conhecimento aos titulares dos dados pessoais, que por qualquer forma interajam com a a nossa empresa, das informa\u00e7\u00f5es mais relevantes no \u00e2mbito da prote\u00e7\u00e3o dos seus dados pessoais, incluindo os seus direitos e a forma como esses direitos poder\u00e3o ser exercidos. Em conformidade com o Regulamento Geral de Prote\u00e7\u00e3o de Dados (RGPD) &#8211; Regulamento (UE) 2016\/679, do Parlamento Europeu e do Conselho, de 27 de abril de 2016, bem como a Lei n.\u00ba 58\/2019, de 8 de agosto, relativos \u00e0 prote\u00e7\u00e3o das pessoas singulares no que diz respeito ao tratamento\u2026<\/p>\n","protected":false},"author":1,"featured_media":0,"parent":0,"menu_order":0,"comment_status":"closed","ping_status":"open","template":"","meta":[],"blocksy_meta":{"styles_descriptor":{"styles":{"desktop":"","tablet":"","mobile":""},"google_fonts":[],"version":5}},"_links":{"self":[{"href":"https:\/\/www.isamaia.pt\/index.php\/wp-json\/wp\/v2\/pages\/3"}],"collection":[{"href":"https:\/\/www.isamaia.pt\/index.php\/wp-json\/wp\/v2\/pages"}],"about":[{"href":"https:\/\/www.isamaia.pt\/index.php\/wp-json\/wp\/v2\/types\/page"}],"author":[{"embeddable":true,"href":"https:\/\/www.isamaia.pt\/index.php\/wp-json\/wp\/v2\/users\/1"}],"replies":[{"embeddable":true,"href":"https:\/\/www.isamaia.pt\/index.php\/wp-json\/wp\/v2\/comments?post=3"}],"version-history":[{"count":2,"href":"https:\/\/www.isamaia.pt\/index.php\/wp-json\/wp\/v2\/pages\/3\/revisions"}],"predecessor-version":[{"id":307,"href":"https:\/\/www.isamaia.pt\/index.php\/wp-json\/wp\/v2\/pages\/3\/revisions\/307"}],"wp:attachment":[{"href":"https:\/\/www.isamaia.pt\/index.php\/wp-json\/wp\/v2\/media?parent=3"}],"curies":[{"name":"wp","href":"https:\/\/api.w.org\/{rel}","templated":true}]}}